{"id":7599,"date":"2018-05-31T19:31:44","date_gmt":"2018-05-31T19:31:44","guid":{"rendered":"http:\/\/www.novacobe.pt\/?page_id=7599"},"modified":"2018-05-31T19:31:44","modified_gmt":"2018-05-31T19:31:44","slug":"privacy-policy","status":"publish","type":"page","link":"https:\/\/www.novacobe.pt\/en\/privacy-policy\/","title":{"rendered":"Privacy Policy"},"content":{"rendered":"<p>Data de vig\u00eancia: 25 de maio, 2018<\/p>\n<p>1) PRIVACIDADE E PROTE\u00c7\u00c3O DE DADOS PESSOAIS<br \/>\nAp\u00f3s o dia 25 de maio de 2018 passa a ser aplicado o Regulamento Geral de Prote\u00e7\u00e3o de Dados Pessoais (RPGD) n.\u00ba 2016\/679 do Parlamento Europeu e do Conselho Europeu, de 27 de abril de 2016, que estabelece e normaliza o tratamento e a prote\u00e7\u00e3o dos dados pessoais.<\/p>\n<p>A prote\u00e7\u00e3o da sua privacidade \u00e9 uma prioridade para a NOVACOBE \u2013 Constru\u00e7\u00e3o e Reabilita\u00e7\u00e3o, Lda. Pretendemos garantir que os utilizadores do nosso website conhe\u00e7am as regras da prote\u00e7\u00e3o e tratamento de dados pessoais, e tamb\u00e9m garantir que a seguran\u00e7a desses utilizadores \u00e9 assegurada conforme as normas da legisla\u00e7\u00e3o aplic\u00e1vel, nomeadamente do Regulamento Geral de Prote\u00e7\u00e3o de Dados Pessoais (RPGD) n.\u00ba 2016\/679 do Parlamento Europeu e do Conselho Europeu, de 27 de abril de 2016.<\/p>\n<p>A NOVACOBE adota as medidas adequadas na recolha, processamento e armazenamento de toda a informa\u00e7\u00e3o para evitar acessos n\u00e3o autorizados aos dados fornecidos pelos utilizadores. As precau\u00e7\u00f5es t\u00e9cnicas e organizacionais incluem o alojamento em servidores e a encripta\u00e7\u00e3o das comunica\u00e7\u00f5es atrav\u00e9s da tecnologia SSL.<\/p>\n<p>No nosso website pode encontrar links para sites de terceiros. N\u00e3o podemos controlar a forma como esses sites recolhem e tratam os seus dados, e n\u00e3o podemos ser responsabilizados por essa mesma recolha e tratamento, nem pela exatid\u00e3o, credibilidade ou funcionalidade desses websites. Como a disponibiliza\u00e7\u00e3o de links para outros sites n\u00e3o implica assun\u00e7\u00e3o de responsabilidade em rela\u00e7\u00e3o aos mesmos, tamb\u00e9m n\u00e3o lhes \u00e9 aplic\u00e1vel esta Pol\u00edtica de Privacidade.<\/p>\n<p>A NOVACOBE recomenda ainda que os utilizadores adotem medidas de seguran\u00e7a adicionais. Destacamos a manuten\u00e7\u00e3o de equipamentos e programas corretamente configurados e atualizados, o uso de prote\u00e7\u00e3o contra software malicioso e de firewall, e a n\u00e3o navega\u00e7\u00e3o em websites em que n\u00e3o tenha as devidas garantias de autenticidade.<\/p>\n<p>Finalmente, a utiliza\u00e7\u00e3o deste website pressup\u00f5e a aceita\u00e7\u00e3o da Pol\u00edtica de Privacidade &#038; Cookies. Aconselhamos a leitura desta Pol\u00edtica, que pode ser revista ou alterada a qualquer momento. Todas as mudan\u00e7as ser\u00e3o divulgadas no nosso website.<\/p>\n<p>Se tiver d\u00favidas sobre as nossas pol\u00edticas, quiser retificar os dados fornecidos ou pedir a sua elimina\u00e7\u00e3o, mesmo depois de no-los ter fornecido, por favor contacte a NOVACOBE.<\/p>\n<p>2) O QUE S\u00c3O DADOS PESSOAIS?<br \/>\nDados pessoais s\u00e3o a informa\u00e7\u00e3o relativa a uma pessoa singular identificada ou identific\u00e1vel. Esta informa\u00e7\u00e3o pode ser de qualquer natureza e achar-se em qualquer suporte, incluindo som e imagem.<\/p>\n<p>Considera-se identific\u00e1vel a pessoa que possa ser identificada diretamente ou indiretamente, designadamente por refer\u00eancia a um n\u00famero de identifica\u00e7\u00e3o, ou a um ou mais elementos espec\u00edficos da sua identidade f\u00edsica, fisiol\u00f3gica, ps\u00edquica, econ\u00f3mica, cultural ou social.<\/p>\n<p>3) COOKIES<br \/>\nOs cookies s\u00e3o pequenos ficheiros colocados no browser dos utilizadores quando estes visitam o nosso Website. Os cookies recolhem apenas informa\u00e7\u00e3o an\u00f3nima, n\u00e3o permitindo aceder ao computador dos utilizadores ou a qualquer informa\u00e7\u00e3o pessoal.<\/p>\n<p>Pode obter mais informa\u00e7\u00f5es sobre cookies em www.allaboutcookies.org.<\/p>\n<p>Para saber exatamente como utilizamos os cookies e como pode geri-los, verifique a nossa Pol\u00edtica de Cookies.<\/p>\n<p>4) RESPONS\u00c1VEL PELA RECOLHA E TRATAMENTO DE DADOS PESSOAIS<br \/>\nA NOVACOBE \u2013 Constru\u00e7\u00e3o e Reabilita\u00e7\u00e3o, Lda \u00e9 respons\u00e1vel pela recolha e tratamento dos dados pessoais dos utilizadores, nos termos da al\u00ednea d) do artigo 3\u00ba da Lei n.\u00ba 67\/98, 26 de outubro. Assim, cabe-lhe decidir, no contexto da presta\u00e7\u00e3o de Servi\u00e7os ao Cliente, quais os dados pessoais recolhidos, os meios de tratamento desses dados, e as finalidades para que s\u00e3o utilizados.<\/p>\n<p>5) CONDI\u00c7\u00d5ES DE RECOLHA E TRATAMENTO DE DADOS PESSOAIS<br \/>\nNos termos previstos na Lei de Prote\u00e7\u00e3o de Dados Pessoais, recolhemos e processamos os dados dos utilizadores com o seu expresso consentimento e conforme as finalidades espec\u00edficas do tratamento em causa.<\/p>\n<p>O consentimento dado pelos clientes pode ser suprimido a qualquer momento e de forma gratuita.<\/p>\n<p>6) QUE INFORMA\u00c7\u00c3O RECOLHEMOS?<br \/>\nA NOVACOBE recolhe:<\/p>\n<p>Informa\u00e7\u00e3o pessoal<br \/>\nA informa\u00e7\u00e3o pessoal recolhida pela NOVACOBE \u00e9 sempre fornecida voluntariamente pelos utilizadores do nosso website, nas situa\u00e7\u00f5es em que preenchem um formul\u00e1rio de contacto.<br \/>\nOs dados recolhidos podem variar consoante as situa\u00e7\u00f5es e incluir, entre outros, o nome do utilizador, o seu email ou n\u00famero de telefone.<\/p>\n<p>Outras informa\u00e7\u00f5es<br \/>\nA NOVACOBE recolhe tamb\u00e9m informa\u00e7\u00f5es an\u00f3nimas quando os utilizadores visitam o website. Estas informa\u00e7\u00f5es podem incluir, por exemplo, o tipo de aparelho, sistema operativo e browsers utilizados para aceder ao site, localiza\u00e7\u00e3o geogr\u00e1fica, dura\u00e7\u00e3o da visita, e n\u00famero de p\u00e1ginas visitadas. No entanto, n\u00e3o \u00e9 poss\u00edvel relacionar estes dados com utilizadores individuais.<\/p>\n<p>7) COMO USAMOS ESSA INFORMA\u00c7\u00c3O?<\/p>\n<p>A.PER\u00cdODO DE CONSERVA\u00c7\u00c3O DOS DADOS PESSOAIS<br \/>\nO per\u00edodo de conserva\u00e7\u00e3o dos dados recolhidos depende do tipo de informa\u00e7\u00e3o.<\/p>\n<p>Apenas conservamos informa\u00e7\u00e3o pessoal se tivermos uma necessidade de neg\u00f3cio legitimada e continuada.<\/p>\n<p>No caso de n\u00e3o existir essa necessidade, a NOVACOBE apaga ou torna an\u00f3nima a sua informa\u00e7\u00e3o. Se isso n\u00e3o for poss\u00edvel, passamos a arquivar e isolar os dados com seguran\u00e7a at\u00e9 que a sua elimina\u00e7\u00e3o seja permitida. Tamb\u00e9m apagaremos a sua informa\u00e7\u00e3o em qualquer momento se o nos solicitar.<\/p>\n<p>Tamb\u00e9m conservamos informa\u00e7\u00e3o proveniente de cookies e outras tecnologias de monitoriza\u00e7\u00e3o por um per\u00edodo de tempo aceit\u00e1vel desde a data em que tal informa\u00e7\u00e3o foi criada.<\/p>\n<p>B. COMUNICA\u00c7\u00c3O DE DADOS PESSOAIS A TERCEIROS<br \/>\nA NOVACOBE nunca vende a sua informa\u00e7\u00e3o pessoal.<\/p>\n<p>Toda a informa\u00e7\u00e3o que recolhemos \u00e9 para nosso uso exclusivo. Assim, comprometemo-nos a n\u00e3o vender, trocar, alugar ou partilhar com terceiros esses dados sem consentimento do utilizador. Exceptuando se formos obrigados a isso por decis\u00e3o de tribunal e apenas na estrita medida das nossas obriga\u00e7\u00f5es.<\/p>\n<p>C. USO DA INFORMA\u00c7\u00c3O PESSOAL<br \/>\nAl\u00e9m dos usos identificados ao longo desta Pol\u00edtica de Privacidade, a NOVACOBE pode usar a sua informa\u00e7\u00e3o pessoal para:<\/p>\n<p>Melhorar a sua experi\u00eancia de utiliza\u00e7\u00e3o no nosso website<br \/>\nMelhorar os nossos servi\u00e7os e produtos<br \/>\nResponder a pedidos de contacto<br \/>\nEnviar informa\u00e7\u00e3o respeitante a altera\u00e7\u00f5es \u00e0 nossa Pol\u00edtica de Privacidade &#038; Cookies ou outros acordos legais<br \/>\nA nossa base legal para recolher e tratar a sua informa\u00e7\u00e3o pessoal descrita acima vai depender do tipo de dados e do contexto espec\u00edfico em que foram recolhidos.<\/p>\n<p>Contudo, em princ\u00edpio, vamos recolher essa informa\u00e7\u00e3o apenas quando tivermos o seu consentimento para o fazer, quando precisarmos dessa informa\u00e7\u00e3o para elaborar um contrato consigo, ou quando o seu tratamento \u00e9 do nosso interesse leg\u00edtimo e n\u00e3o \u00e9 revogado pelos seus direitos \u00e0 prote\u00e7\u00e3o de dados ou outros direitos e liberdades fundamentais. Em alguns casos, podemos ter a obriga\u00e7\u00e3o legal de recolher a sua informa\u00e7\u00e3o pessoal.<\/p>\n<p>Se lhe pedirmos para fornecer informa\u00e7\u00e3o pessoal com o objetivo de cumprir uma obriga\u00e7\u00e3o legal ou de elaborar um contrato consigo, n\u00f3s tornaremos isso claro na altura adequada e inform\u00e1-lo-emos se essa informa\u00e7\u00e3o \u00e9 estritamente necess\u00e1ria ou n\u00e3o (tal como o informaremos das poss\u00edveis consequ\u00eancias da falta desses dados).<\/p>\n<p>Do mesmo modo, se recolhermos e usarmos a sua informa\u00e7\u00e3o pessoal atendendo aos nossos interesses leg\u00edtimos (ou aos interesses de terceiros), tornaremos claros os interesses em causa na altura adequada.<\/p>\n<p>D. USO DE INFORMA\u00c7\u00c3O DE NAVEGA\u00c7\u00c3O<br \/>\nUsamos Informa\u00e7\u00e3o de Navega\u00e7\u00e3o para melhorar o nosso website. Tamb\u00e9m pode usar Informa\u00e7\u00e3o de Navega\u00e7\u00e3o isoladamente ou em conjunto com a sua informa\u00e7\u00e3o pessoal para lhe fornecer conte\u00fado personalizado sobre a NOVACOBE.<\/p>\n<p>E. TESTEMUNHOS E COMENT\u00c1RIOS DE CLIENTES<br \/>\nA NOVACOBE publica testemunhos e coment\u00e1rios de clientes no nosso website, que podem conter informa\u00e7\u00e3o pessoal. Atrav\u00e9s de um contacto via email, obtemos o consentimento de cada cliente para publicar o seu nome e testemunho.<\/p>\n<p>F. SEGURAN\u00c7A DA INFORMA\u00c7\u00c3O PESSOAL<br \/>\nUsamos uma variedade de tecnologias e procedimentos de seguran\u00e7a de forma a protegermos a sua informa\u00e7\u00e3o pessoal de acessos, usos e divulga\u00e7\u00e3o n\u00e3o autorizados.<\/p>\n<p>Alojamos os dados recolhidos em servidores num ambiente controlado e seguro, protegidos de acessos e usos indevidos. Toda a sua informa\u00e7\u00e3o est\u00e1 protegida atrav\u00e9s de medidas f\u00edsicas, t\u00e9cnicas e organizacionais.<\/p>\n<p>G. FERRAMENTAS DAS REDES SOCIAIS<br \/>\nO nosso website incorpora ferramentas relacionadas com as Redes Sociais, tais como o bot\u00e3o \u2018gosto\u2019 do Facebook. Estas ferramentas podem registar o seu endere\u00e7o de IP, as p\u00e1ginas que visita no nosso website, ou at\u00e9 acionar uma cookie que permite \u00e0 ferramenta funcionar corretamente.<\/p>\n<p>As Ferramentas e Aplica\u00e7\u00f5es das Redes Sociais s\u00e3o hospedadas por terceiros ou diretamente no nosso website. Esta Pol\u00edtica de Privacidade n\u00e3o \u00e9 aplic\u00e1vel a essas ferramentas. As suas intera\u00e7\u00f5es com as mesmas s\u00e3o reguladas pelas normas das empresas que fornecem esses servi\u00e7os.<\/p>\n<p>8) DIREITOS DOS CLIENTES RELATIVAMENTE AOS SEUS DADOS PESSOAIS<br \/>\nNos termos da legisla\u00e7\u00e3o em vigor, a partir do momento em que recolhemos e tratamos os seus dados, existe um conjunto de direitos que poder\u00e1 exercer junto da NOVACOBE, a qualquer momento.<\/p>\n<p>Direito de acesso: direito que lhe permite obter informa\u00e7\u00e3o relativamente ao tratamento dos seus dados e respetivas caracter\u00edsticas (nomeadamente o tipo de dados, a finalidade do tratamento, a quem podem ser comunicados os seus dados, prazos de conserva\u00e7\u00e3o, e quais os dados que tem de fornecer obrigat\u00f3ria ou facultativamente).<\/p>\n<p>Direito de retifica\u00e7\u00e3o: direito que lhe permite solicitar a retifica\u00e7\u00e3o dos seus dados, exigindo que estes sejam exatos e atuais, como, por exemplo, quando considere que os mesmos est\u00e3o incompletos ou desatualizados.<\/p>\n<p>Direito \u00e0 elimina\u00e7\u00e3o dos dados ou \u201cDireito a ser esquecido\u201d: direito que lhe permite solicitar a elimina\u00e7\u00e3o dos seus dados, quando considere que n\u00e3o existem fundamentos v\u00e1lidos para a conserva\u00e7\u00e3o dos dados e desde que n\u00e3o exista outro fundamento v\u00e1lido que legitime tal tratamento (como a execu\u00e7\u00e3o de um contrato ou o cumprimento de uma obriga\u00e7\u00e3o legal ou regulamentar).<\/p>\n<p>Direito \u00e0 limita\u00e7\u00e3o: direito que lhe permite a suspens\u00e3o do tratamento ou a limita\u00e7\u00e3o do tratamento a certas categorias de dados ou finalidades.<\/p>\n<p>Direito \u00e0 portabilidade: direito atrav\u00e9s do qual poder\u00e1 solicitar o envio dos seus dados, em formato digital e de uso corrente, que permita a reutiliza\u00e7\u00e3o de tais dados. Em alternativa, poder\u00e1 solicitar a transmiss\u00e3o dos seus dados para outra entidade que passe a ser respons\u00e1vel pelo tratamento dos seus dados.<\/p>\n<p>Direito de oposi\u00e7\u00e3o: direito que lhe permite opor-se a determinadas finalidades e desde que n\u00e3o se verifiquem interesses leg\u00edtimos que prevale\u00e7am sobre os seus interesses. Um dos exemplos deste direito respeita \u00e0 oposi\u00e7\u00e3o a finalidades de comercializa\u00e7\u00e3o direta (marketing).<\/p>\n<p>Direito de retirar o consentimento: direito que lhe permite retirar o seu consentimento, mas que apenas pode ser exercido quando o seu consentimento seja a \u00fanica condi\u00e7\u00e3o de legitimidade.<\/p>\n<p>Em qualquer um dos casos supra previstos, poder\u00e1 exercer os seus direitos leg\u00edtimos enviando uma comunica\u00e7\u00e3o escrita para o endere\u00e7o de email geral@novacobe.pt<\/p>\n<p>9) CONTACTOS<br \/>\nPara contactar a NOVACOBE , pode faz\u00ea-lo atrav\u00e9s deste endere\u00e7o de email geral@novacobe.pt, atrav\u00e9s deste n\u00famero de telefone +351 262 928 826 ou escrevendo-nos para esta morada: Rua das Roseiras, G62 \u2013 Freires, 2475-029 Benedita<\/p>\n","protected":false},"excerpt":{"rendered":"<p>Data de vig\u00eancia: 25 de maio, 2018 1) PRIVACIDADE E PROTE\u00c7\u00c3O DE DADOS PESSOAIS Ap\u00f3s o dia 25 de maio de 2018 passa a ser aplicado o Regulamento Geral de Prote\u00e7\u00e3o de Dados Pessoais (RPGD) n.\u00ba 2016\/679 do Parlamento Europeu e do Conselho Europeu, de 27 de abril de 2016, que estabelece e normaliza o [&hellip;]<\/p>\n","protected":false},"author":2,"featured_media":0,"parent":0,"menu_order":6,"comment_status":"closed","ping_status":"closed","template":"","meta":{"_monsterinsights_skip_tracking":false,"_monsterinsights_sitenote_active":false,"_monsterinsights_sitenote_note":"","_monsterinsights_sitenote_category":0,"footnotes":""},"class_list":["post-7599","page","type-page","status-publish","hentry"],"yoast_head":"<!-- This site is optimized with the Yoast SEO plugin v27.2 - https:\/\/yoast.com\/product\/yoast-seo-wordpress\/ -->\n<title>Privacy Policy - NovaCobe<\/title>\n<meta name=\"robots\" content=\"index, follow, max-snippet:-1, max-image-preview:large, max-video-preview:-1\" \/>\n<link rel=\"canonical\" href=\"https:\/\/www.novacobe.pt\/en\/privacy-policy\/\" \/>\n<meta name=\"twitter:card\" content=\"summary_large_image\" \/>\n<meta name=\"twitter:title\" content=\"Privacy Policy - NovaCobe\" \/>\n<meta name=\"twitter:description\" content=\"Data de vig\u00eancia: 25 de maio, 2018 1) PRIVACIDADE E PROTE\u00c7\u00c3O DE DADOS PESSOAIS Ap\u00f3s o dia 25 de maio de 2018 passa a ser aplicado o Regulamento Geral de Prote\u00e7\u00e3o de Dados Pessoais (RPGD) n.\u00ba 2016\/679 do Parlamento Europeu e do Conselho Europeu, de 27 de abril de 2016, que estabelece e normaliza o [&hellip;]\" \/>\n<meta name=\"twitter:label1\" content=\"Est. reading time\" \/>\n\t<meta name=\"twitter:data1\" content=\"10 minutes\" \/>\n<script type=\"application\/ld+json\" class=\"yoast-schema-graph\">{\"@context\":\"https:\/\/schema.org\",\"@graph\":[{\"@type\":\"WebPage\",\"@id\":\"https:\/\/www.novacobe.pt\/en\/privacy-policy\/\",\"url\":\"https:\/\/www.novacobe.pt\/en\/privacy-policy\/\",\"name\":\"Privacy Policy - NovaCobe\",\"isPartOf\":{\"@id\":\"https:\/\/www.novacobe.pt\/en\/#website\"},\"datePublished\":\"2018-05-31T19:31:44+00:00\",\"breadcrumb\":{\"@id\":\"https:\/\/www.novacobe.pt\/en\/privacy-policy\/#breadcrumb\"},\"inLanguage\":\"en-US\",\"potentialAction\":[{\"@type\":\"ReadAction\",\"target\":[\"https:\/\/www.novacobe.pt\/en\/privacy-policy\/\"]}]},{\"@type\":\"BreadcrumbList\",\"@id\":\"https:\/\/www.novacobe.pt\/en\/privacy-policy\/#breadcrumb\",\"itemListElement\":[{\"@type\":\"ListItem\",\"position\":1,\"name\":\"Home\",\"item\":\"https:\/\/www.novacobe.pt\/en\/\"},{\"@type\":\"ListItem\",\"position\":2,\"name\":\"Privacy Policy\"}]},{\"@type\":\"WebSite\",\"@id\":\"https:\/\/www.novacobe.pt\/en\/#website\",\"url\":\"https:\/\/www.novacobe.pt\/en\/\",\"name\":\"NovaCobe\",\"description\":\"Excellence in Home Renovations and Remodeling\",\"publisher\":{\"@id\":\"https:\/\/www.novacobe.pt\/en\/#organization\"},\"potentialAction\":[{\"@type\":\"SearchAction\",\"target\":{\"@type\":\"EntryPoint\",\"urlTemplate\":\"https:\/\/www.novacobe.pt\/en\/?s={search_term_string}\"},\"query-input\":{\"@type\":\"PropertyValueSpecification\",\"valueRequired\":true,\"valueName\":\"search_term_string\"}}],\"inLanguage\":\"en-US\"},{\"@type\":\"Organization\",\"@id\":\"https:\/\/www.novacobe.pt\/en\/#organization\",\"name\":\"NovaCobe\",\"url\":\"https:\/\/www.novacobe.pt\/en\/\",\"logo\":{\"@type\":\"ImageObject\",\"inLanguage\":\"en-US\",\"@id\":\"https:\/\/www.novacobe.pt\/en\/#\/schema\/logo\/image\/\",\"url\":\"https:\/\/www.novacobe.pt\/wp-content\/uploads\/2018\/07\/logo-novacobe1.png\",\"contentUrl\":\"https:\/\/www.novacobe.pt\/wp-content\/uploads\/2018\/07\/logo-novacobe1.png\",\"width\":440,\"height\":200,\"caption\":\"NovaCobe\"},\"image\":{\"@id\":\"https:\/\/www.novacobe.pt\/en\/#\/schema\/logo\/image\/\"},\"sameAs\":[\"https:\/\/www.facebook.com\/Novacobe\"]}]}<\/script>\n<!-- \/ Yoast SEO plugin. -->","yoast_head_json":{"title":"Privacy Policy - NovaCobe","robots":{"index":"index","follow":"follow","max-snippet":"max-snippet:-1","max-image-preview":"max-image-preview:large","max-video-preview":"max-video-preview:-1"},"canonical":"https:\/\/www.novacobe.pt\/en\/privacy-policy\/","twitter_card":"summary_large_image","twitter_title":"Privacy Policy - NovaCobe","twitter_description":"Data de vig\u00eancia: 25 de maio, 2018 1) PRIVACIDADE E PROTE\u00c7\u00c3O DE DADOS PESSOAIS Ap\u00f3s o dia 25 de maio de 2018 passa a ser aplicado o Regulamento Geral de Prote\u00e7\u00e3o de Dados Pessoais (RPGD) n.\u00ba 2016\/679 do Parlamento Europeu e do Conselho Europeu, de 27 de abril de 2016, que estabelece e normaliza o [&hellip;]","twitter_misc":{"Est. reading time":"10 minutes"},"schema":{"@context":"https:\/\/schema.org","@graph":[{"@type":"WebPage","@id":"https:\/\/www.novacobe.pt\/en\/privacy-policy\/","url":"https:\/\/www.novacobe.pt\/en\/privacy-policy\/","name":"Privacy Policy - NovaCobe","isPartOf":{"@id":"https:\/\/www.novacobe.pt\/en\/#website"},"datePublished":"2018-05-31T19:31:44+00:00","breadcrumb":{"@id":"https:\/\/www.novacobe.pt\/en\/privacy-policy\/#breadcrumb"},"inLanguage":"en-US","potentialAction":[{"@type":"ReadAction","target":["https:\/\/www.novacobe.pt\/en\/privacy-policy\/"]}]},{"@type":"BreadcrumbList","@id":"https:\/\/www.novacobe.pt\/en\/privacy-policy\/#breadcrumb","itemListElement":[{"@type":"ListItem","position":1,"name":"Home","item":"https:\/\/www.novacobe.pt\/en\/"},{"@type":"ListItem","position":2,"name":"Privacy Policy"}]},{"@type":"WebSite","@id":"https:\/\/www.novacobe.pt\/en\/#website","url":"https:\/\/www.novacobe.pt\/en\/","name":"NovaCobe","description":"Excellence in Home Renovations and Remodeling","publisher":{"@id":"https:\/\/www.novacobe.pt\/en\/#organization"},"potentialAction":[{"@type":"SearchAction","target":{"@type":"EntryPoint","urlTemplate":"https:\/\/www.novacobe.pt\/en\/?s={search_term_string}"},"query-input":{"@type":"PropertyValueSpecification","valueRequired":true,"valueName":"search_term_string"}}],"inLanguage":"en-US"},{"@type":"Organization","@id":"https:\/\/www.novacobe.pt\/en\/#organization","name":"NovaCobe","url":"https:\/\/www.novacobe.pt\/en\/","logo":{"@type":"ImageObject","inLanguage":"en-US","@id":"https:\/\/www.novacobe.pt\/en\/#\/schema\/logo\/image\/","url":"https:\/\/www.novacobe.pt\/wp-content\/uploads\/2018\/07\/logo-novacobe1.png","contentUrl":"https:\/\/www.novacobe.pt\/wp-content\/uploads\/2018\/07\/logo-novacobe1.png","width":440,"height":200,"caption":"NovaCobe"},"image":{"@id":"https:\/\/www.novacobe.pt\/en\/#\/schema\/logo\/image\/"},"sameAs":["https:\/\/www.facebook.com\/Novacobe"]}]}},"_links":{"self":[{"href":"https:\/\/www.novacobe.pt\/en\/wp-json\/wp\/v2\/pages\/7599","targetHints":{"allow":["GET"]}}],"collection":[{"href":"https:\/\/www.novacobe.pt\/en\/wp-json\/wp\/v2\/pages"}],"about":[{"href":"https:\/\/www.novacobe.pt\/en\/wp-json\/wp\/v2\/types\/page"}],"author":[{"embeddable":true,"href":"https:\/\/www.novacobe.pt\/en\/wp-json\/wp\/v2\/users\/2"}],"replies":[{"embeddable":true,"href":"https:\/\/www.novacobe.pt\/en\/wp-json\/wp\/v2\/comments?post=7599"}],"version-history":[{"count":1,"href":"https:\/\/www.novacobe.pt\/en\/wp-json\/wp\/v2\/pages\/7599\/revisions"}],"predecessor-version":[{"id":7600,"href":"https:\/\/www.novacobe.pt\/en\/wp-json\/wp\/v2\/pages\/7599\/revisions\/7600"}],"wp:attachment":[{"href":"https:\/\/www.novacobe.pt\/en\/wp-json\/wp\/v2\/media?parent=7599"}],"curies":[{"name":"wp","href":"https:\/\/api.w.org\/{rel}","templated":true}]}}