{"id":7596,"date":"2018-05-31T18:38:26","date_gmt":"2018-05-31T18:38:26","guid":{"rendered":"http:\/\/www.novacobe.pt\/?page_id=7596"},"modified":"2018-05-31T18:39:28","modified_gmt":"2018-05-31T18:39:28","slug":"cookie-policy","status":"publish","type":"page","link":"https:\/\/www.novacobe.pt\/en\/cookie-policy\/","title":{"rendered":"Cookie Policy"},"content":{"rendered":"<div class=\"wpb-content-wrapper\">[vc_row][vc_column][mk_divider style=&#8221;padding_space&#8221;][vc_column_text]Data de vig\u00eancia: 24 de maio, 2018<\/p>\n<h6><\/h6>\n<h5>O website da NOVACOBE utiliza cookies para aperfei\u00e7oar o seu desempenho e a experi\u00eancia dos utilizadores.<\/h5>\n<p>&nbsp;<\/p>\n<h4>1) O QUE S\u00c3O COOKIES?<\/h4>\n<p>Os cookies s\u00e3o pequenos ficheiros colocados no browser dos utilizadores quando estes visitam o nosso website.\u00a0<strong>Os cookies recolhem apenas informa\u00e7\u00e3o an\u00f3nima<\/strong>, n\u00e3o permitindo aceder ao computador dos utilizadores ou a qualquer informa\u00e7\u00e3o pessoal.<\/p>\n<p>&nbsp;<\/p>\n<h4>2) PARA QUE SERVEM OS COOKIES?<\/h4>\n<p>Os cookies ajudam a determinar a utilidade, o interesse e o n\u00famero de utiliza\u00e7\u00f5es do nosso website,\u00a0<strong>permitindo uma navega\u00e7\u00e3o mais r\u00e1pida e eficiente\u00a0<\/strong>e\u00a0eliminando a necessidade de introduzir repetidamente as mesmas informa\u00e7\u00f5es.<\/p>\n<p>&nbsp;<\/p>\n<h4>3)\u00a0DURA\u00c7\u00c3O DOS COOKIES<\/h4>\n<p><strong>Cookies de sess\u00e3o:<\/strong>\u00a0s\u00e3o tempor\u00e1rios, permanecem no browser no utilizador at\u00e9 ele sair do website e permitem \u00e0\u00a0NOVACOBE obter informa\u00e7\u00e3o estat\u00edstica sobre o comportamento dos utilizadores durante a visita.<\/p>\n<p><strong>Cookies permanentes:<\/strong>\u00a0ficam armazenados no browser do utilizador at\u00e9 serem apagados ou expirarem o seu prazo e s\u00e3o utilizados sempre que ele efetua uma nova visita ao website para reconhecer o utilizador.<\/p>\n<p>&nbsp;<\/p>\n<h4>4) FINS PARA OS QUAIS UTILIZAMOS OS COOKIES<\/h4>\n<p><strong>Cookies anal\u00edticos:<\/strong>\u00a0este cookies recolhem informa\u00e7\u00e3o estat\u00edstica an\u00f3nima que ajuda a NOVACOBE a perceber a forma como os utilizadores utilizam o website.<\/p>\n<p><strong>Cookies de funcionalidade:<\/strong>\u00a0utilizamos cookies de funcionalidade para guardar informa\u00e7\u00e3o fornecida pelo utilizador (por exemplo, aquando da inser\u00e7\u00e3o de dados em formul\u00e1rios, para evitar que a mesma tenha de ser submetida de cada vez que o utilizador pretende realizar determinadas ac\u00e7\u00f5es).<\/p>\n<p><strong>Cookies de publicidade:<\/strong>\u00a0servem para medir a efic\u00e1cia da nossa publicidade e ajudam-nos a tomar decis\u00f5es sobre a forma como a optimizar em fun\u00e7\u00e3o das prefer\u00eancias e comportamentos dos utilizadores.<\/p>\n<p><strong>Cookies de terceiros:<\/strong>\u00a0medem o sucesso de aplica\u00e7\u00f5es e a efic\u00e1cia da publicidade de terceiros. Podem tamb\u00e9m ser utilizados no sentido de personalizar um widget com dados do utilizador.<\/p>\n<p>Pode obter mais informa\u00e7\u00f5es sobre cookies em\u00a0<a href=\"http:\/\/www.allaboutcookies.org\/\" target=\"_blank\" rel=\"noopener\">www.allaboutcookies.org<\/a><\/p>\n<p>&nbsp;<\/p>\n<h4>5)\u00a0COOKIES EM UTILIZA\u00c7\u00c3O<\/h4>\n<p>Para se informar das regras aplic\u00e1veis em cada situa\u00e7\u00e3o, consulte, em detalhe, as pol\u00edticas de cookies de cada uma das entidades.<\/p>\n<p>&nbsp;<\/p>\n<table>\n<tbody>\n<tr>\n<td width=\"199\"><strong>NOME<\/strong><\/td>\n<td width=\"197\"><strong>FUNCIONAMENTO<\/strong><\/td>\n<td width=\"193\"><strong>VALIDADE<\/strong><\/td>\n<\/tr>\n<tr>\n<td width=\"199\">_ga<\/td>\n<td width=\"197\">Cookie do Google Analytics usado para distinguir os utilizadores<\/td>\n<td width=\"193\">2 anos<\/td>\n<\/tr>\n<tr>\n<td width=\"201\">_gid<\/td>\n<td width=\"201\">Cookie do Google Analytics usado para distinguir os utilizadores<\/td>\n<td width=\"201\">24 horas<\/td>\n<\/tr>\n<tr>\n<td width=\"199\">wp-settings-1<\/td>\n<td width=\"197\">Usado pelo WordPress para personalizar o interface admin do site e possivelmente o interface principal.<\/td>\n<td width=\"193\">1 ano<\/td>\n<\/tr>\n<tr>\n<td width=\"199\">wp-settings-time-1<\/td>\n<td width=\"197\">Usado pelo WordPress para personalizar o interface admin do site e possivelmente o interface principal.<\/td>\n<td width=\"193\">1 ano<\/td>\n<\/tr>\n<tr>\n<td width=\"199\">cookieInfo<\/td>\n<td width=\"197\">Cookie usado para lembrar\u00a0 as respostas do utilizador ao aviso de cookies<\/td>\n<td width=\"193\">1 m\u00eas<\/td>\n<\/tr>\n<tr>\n<td width=\"199\">wordpress_logged_in<\/p>\n<p>&nbsp;<\/td>\n<td width=\"197\">Cookie do WordPress para utilizadores logados.<\/p>\n<p>&nbsp;<\/td>\n<td width=\"193\">Sess\u00e3o<\/td>\n<\/tr>\n<tr>\n<td width=\"199\">wordpress_test_cookie<\/p>\n<p>&nbsp;<\/td>\n<td width=\"197\">Cookie de teste do WordPress<\/p>\n<p>&nbsp;<\/td>\n<td width=\"193\">Sess\u00e3o<\/td>\n<\/tr>\n<tr>\n<td width=\"199\">PHPSESSID<\/p>\n<p>&nbsp;<\/td>\n<td width=\"197\">Identifica a sua sess\u00e3o \u00fanica no nosso website<\/p>\n<p>&nbsp;<\/td>\n<td width=\"193\">Sess\u00e3o<\/td>\n<\/tr>\n<tr>\n<td width=\"199\">_icl_current_language<\/p>\n<p>&nbsp;<\/td>\n<td width=\"197\">Cookie do plugin de tradu\u00e7\u00e3o WPML que permite identificar a l\u00edngua de navega\u00e7\u00e3o do website.<\/p>\n<p>&nbsp;<\/td>\n<td width=\"193\">24 horas<\/td>\n<\/tr>\n<\/tbody>\n<\/table>\n<h4><\/h4>\n<h4>6) FERRAMENTAS DE SOCIAL MEDIA<\/h4>\n<p>O nosso site possui ferramentas de social media como os bot\u00f5es de like e share. Estas ferramentas podem recolher o seu endere\u00e7o de IP e a p\u00e1gina que est\u00e1 a visitar no nosso website e instalar um cookie para garantir o seu funcionamento correto.\u00a0<strong>A interac\u00e7\u00e3o com estas ferramentas \u00e9 regulada pela pol\u00edtica de privacidade das empresas que as fornecem<\/strong>.<\/p>\n<p>&nbsp;<\/p>\n<h4>7) TECNOLOGIAS SEMELHANTES<\/h4>\n<p>Os cookies n\u00e3o s\u00e3o a \u00fanica forma de reconhecer ou rastrear os utilizadores de um website. Em certas ocasi\u00f5es poderemos\u00a0<strong>utilizar outras tecnologias como \u201cweb beacons\u201d<\/strong>\u00a0(tamb\u00e9m designados \u201ctracking pixels\u201d or \u201cclear gifs\u201d) .<\/p>\n<p>Estes s\u00e3o pequenos arquivos gr\u00e1ficos que cont\u00eam um identificador \u00fanico que nos\u00a0<strong>permite reconhecer quando algu\u00e9m interagiu com o nosso website ou abriu um email nosso<\/strong>. Isto permite-nos monitorizar os padr\u00f5es de tr\u00e1fego dos utilizadores no nosso website, perceber se chegou ao nosso website depois de clicar num an\u00fancio publicado num site terceiro, melhorar o desempenho do website, e medir o sucesso das nossas campanhas de email e publicidade. Em muitos casos, essas tecnologias dependem de cookies para funcionar correctamente.<\/p>\n<p>&nbsp;<\/p>\n<h4>8)\u00a0FLASH COOKIES OU OBJETOS PARTILHADOS LOCALMENTE<\/h4>\n<p>O nosso website pode tamb\u00e9m usar os chamados \u201cFlash Cookies\u201d (tamb\u00e9m conhecidos como \u201cObjetos Partilhados Localmente\u201d ou \u201cLSOs\u201d) para, entre outras coisas, recolher e armazenar informa\u00e7\u00f5es sobre o uso dos nossos servi\u00e7os, prevenir fraudes e outras opera\u00e7\u00f5es do site.<\/p>\n<p><strong>Se n\u00e3o quiser que os Flash Cookies sejam armazenados no seu computador<\/strong>, pode ajustar as configura\u00e7\u00f5es do seu Flash Player para bloquear o armazenamento de Flash Cookies usando as ferramentas contidas no Painel de Configura\u00e7\u00f5es de Armazenamento do Site. Tamb\u00e9m pode controlar os Flash Cookies acedendo ao Painel de Configura\u00e7\u00f5es de Armazenamento Global e seguindo as instru\u00e7\u00f5es (que explicam, por exemplo, como excluir Flash Cookies existentes \u2013 referidos como \u201cinforma\u00e7\u00f5es\u201d no site da Macromedia \u2013 como evitar que Flash LSOs n\u00e3o solicitados sejam colocados no seu computador, e \u2013 para o Flash Player 8 e posterior \u2013 como bloquear Flash Cookies que n\u00e3o est\u00e3o a ser entregues pelo operador da p\u00e1gina em que est\u00e1 nesse momento).<\/p>\n<p>Observe que configurar o Flash Player para restringir ou limitar a aceita\u00e7\u00e3o de Flash Cookies\u00a0<strong>pode reduzir ou impedir a funcionalidade de alguns aplicativos Flash<\/strong>, incluindo, potencialmente, aplicativos Flash usados em conex\u00e3o com os nossos servi\u00e7os ou conte\u00fado online.<\/p>\n<p>&nbsp;<\/p>\n<h4>9)\u00a0PUBLICIDADE PERSONALIZADA E PUBLICIDADE MOBILE<\/h4>\n<p><strong>A NOVACOBE pode relacionar-se com terceiros<\/strong>\u00a0(como anunciantes e redes de an\u00fancios) tendo em vista a exibi\u00e7\u00e3o de publicidade no nosso website.<\/p>\n<p>Esses terceiros usam cookies, web beacons, pixel tags e tecnologias de monitoriza\u00e7\u00e3o similares para recolher e usar certas informa\u00e7\u00f5es sobre as suas atividades online, seja no nosso website ou em sites ou aplica\u00e7\u00f5es de terceiros.<\/p>\n<p><strong>Essas informa\u00e7\u00f5es podem ser usadas isoladamente ou em combina\u00e7\u00e3o com informa\u00e7\u00f5es obtidas de outras fontes<\/strong>, como, por exemplo,\u00a0detalhes de contacto, informa\u00e7\u00f5es profissionais e hist\u00f3rico de navega\u00e7\u00e3o, para inferir os seus interesses e\u00a0<strong>fornecer-lhe publicidade segmentada personalizada com base nas suas atividades de navega\u00e7\u00e3o e interesses inferidos<\/strong>\u00a0(\u201cPublicidade com base em interesses\u201d). Essa publicidade baseada em interesses somente\u00a0<strong>ser\u00e1 fornecida quando permitido pela lei aplic\u00e1vel<\/strong>\u00a0e de acordo com as suas prefer\u00eancias de publicidade\/marketing.<\/p>\n<p>Os cookies ou web beacons utilizados podem recolher informa\u00e7\u00f5es sobre as suas visitas ao nosso website ou sites de terceiros para\u00a0<strong>medir e monitorizar a efic\u00e1cia dos an\u00fancios e das nossas atividades de marketing online<\/strong>\u00a0(por exemplo, recolhendo dados sobre quantas vezes clicou nos nossos an\u00fancios).<\/p>\n<p>As informa\u00e7\u00f5es recolhidas por meio desse processo\u00a0<strong>n\u00e3o permitem que identifiquemos o seu nome, detalhes de contacto ou outras informa\u00e7\u00f5es pessoais<\/strong>, a menos que opte por fornec\u00ea-las.<\/p>\n<p>&nbsp;<\/p>\n<h4>10)\u00a0OP\u00c7\u00d5ES DE GEST\u00c3O DE COOKIES, TECNOLOGIAS SEMELHANTES E PUBLICIDADE SEGMENTADA<\/h4>\n<p>&nbsp;<\/p>\n<h6>a. Op\u00e7\u00e3o dos Browsers<\/h6>\n<p>Todos os navegadores de internet (browsers) permitem ao utilizador aceitar, recusar ou apagar cookies, designadamente atrav\u00e9s da sele\u00e7\u00e3o das defini\u00e7\u00f5es apropriadas no respetivo navegador de internet (browser).<br \/>\n<strong>Para modificar as suas defini\u00e7\u00f5es ou desativar a utiliza\u00e7\u00e3o de cookies<\/strong>, pode seguir as instru\u00e7\u00f5es fornecidas no seu navegador de internet ou dispositivo (normalmente, localizadas em \u00abDefini\u00e7\u00f5es\u00bb ou \u00abPrefer\u00eancias\u00bb).<br \/>\nAbaixo, listamos os respetivos links \u00fateis de v\u00e1rios navegadores de internet:<\/p>\n<ul>\n<li><a href=\"https:\/\/privacy.microsoft.com\/en-us\/windows-10-microsoft-edge-and-privacy\" target=\"_blank\" rel=\"noopener\">Microsoft Edge<\/a><\/li>\n<li><a href=\"https:\/\/support.microsoft.com\/en-us\/help\/278835\/how-to-delete-cookie-files-in-internet-explorer\" target=\"_blank\" rel=\"noopener\">Microsoft Internet Explorer<\/a><\/li>\n<li><a href=\"https:\/\/support.mozilla.org\/en-US\/kb\/enable-and-disable-cookies-website-preferences\" target=\"_blank\" rel=\"noopener\">Mozilla Firefox<\/a><\/li>\n<li><a href=\"https:\/\/support.google.com\/chrome\/answer\/95647\" target=\"_blank\" rel=\"noopener\">Google Chrome<\/a><\/li>\n<li><a href=\"https:\/\/support.apple.com\/en-us\/HT201265\" target=\"_blank\" rel=\"noopener\">Apple Safari<\/a><\/li>\n<li><a href=\"https:\/\/www.opera.com\/help\/tutorials\/security\/privacy\/\" target=\"_blank\" rel=\"noopener\">Opera<\/a><\/li>\n<\/ul>\n<p>&nbsp;<\/p>\n<h6>b. Google Analytics<\/h6>\n<p>Pode fazer opt-out do cookie do Google Analytics\u00a0<a href=\"https:\/\/tools.google.com\/dlpage\/gaoptout\/\" target=\"_blank\" rel=\"noopener\">aqui<\/a>.<\/p>\n<p>Depois de autorizar a utiliza\u00e7\u00e3o de cookies,\u00a0<strong>o utilizador poder\u00e1 sempre desativar parte ou a totalidade dos cookies<\/strong>.<\/p>\n<p>No entanto, ao desativar os cookies, as plataformas digitais ter\u00e3o um desempenho diferente, com menor n\u00edvel de servi\u00e7o.<\/p>\n<p>Se o utilizador o fizer em rela\u00e7\u00e3o aos cookies essenciais que colocamos,\u00a0<strong>a utiliza\u00e7\u00e3o das nossas plataformas digitais pode ficar prejudicada<\/strong>\u00a0por se verificar que os cookies que utilizamos s\u00e3o necess\u00e1rios ao seu funcionamento.<\/p>\n<p><strong>Caso opte por remover os cookies de terceiros colocados nas nossas plataformas digitais<\/strong>, poder\u00e1 ter de configurar manualmente algumas prefer\u00eancias sempre que visitar uma plataforma digital e corre o risco de desativar determinados servi\u00e7os e funcionalidades.<\/p>\n<p>&nbsp;<\/p>\n<h6>c. Publicidade baseada em interesses<\/h6>\n<p>Pode desabilitar a maior parte da publicidade baseada em Interesses\u00a0<a href=\"http:\/\/www.youronlinechoices.com\/\" target=\"_blank\" rel=\"noopener\">aqui<\/a>.<\/p>\n<p>&nbsp;<\/p>\n<h6>d. Publicidade Mobile<\/h6>\n<p><strong>Pode optar por recusar que os seus identificadores de publicidade mobile sejam usados para determinados tipos de publicidade com base em interesses<\/strong>, incluindo os que utilizamos, acedendo \u00e0s configura\u00e7\u00f5es do seu dispositivo m\u00f3vel Apple ou Android e seguindo as instru\u00e7\u00f5es publicadas mais recentes.<\/p>\n<p>Se optar por n\u00e3o participar, removeremos todos os seus dados e nenhuma outra recolha de informa\u00e7\u00e3o ocorrer\u00e1. O ID aleat\u00f3rio que n\u00f3s (ou os nossos parceiros externos) possamos ter-lhe atribu\u00eddo tamb\u00e9m ser\u00e1 removido. Isso significa que se mais tarde decidir aceitar este tipo de publicidade n\u00e3o poderemos continuar a rastre\u00e1-lo usando o mesmo ID de antes e, para todos os fins pr\u00e1ticos, ser\u00e1 um novo utilizador no nosso sistema.<\/p>\n<p><strong>Do Not Track:<\/strong><\/p>\n<p>Alguns browsers como o Internet Explorer, Firefox, and Safari incluem a possibilidade de transmitir sinais \u201cDo Not Track\u201d or \u201cDNT\u201d.<\/p>\n<p>Como n\u00e3o existem padr\u00f5es uniformes para os sinais \u201cDNT\u201d,\u00a0<strong>o nosso website n\u00e3o processa ou responde atualmente aos sinais \u201cDNT\u201d<\/strong>. A NOVACOBE leva a sua privacidade muito a s\u00e9rio e far\u00e1 esfor\u00e7os para continuar a monitorizar o desenvolvimento da tecnologia de navega\u00e7\u00e3o DNT e a implementa\u00e7\u00e3o de um padr\u00e3o. Para saber mais sobre o \u201cDNT\u201d clique\u00a0<a href=\"https:\/\/allaboutdnt.com\/\" target=\"_blank\" rel=\"noopener\">aqui<\/a>.<\/p>\n<p>&nbsp;<\/p>\n<h4>11)\u00a0ATUALIZA\u00c7\u00d5ES DA POL\u00cdTICA DE COOKIES<\/h4>\n<p><strong>Podemos atualizar a nossa Pol\u00edtica de Cookies periodicamente<\/strong>\u00a0para refletir, por exemplo, altera\u00e7\u00f5es nos cookies que utilizamos, ou por outros motivos operacionais ou legais. Por favor, passe por esta p\u00e1gina regularmente para se manter informado sobre o uso de cookies e tecnologias relacionadas.<\/p>\n<p>A data no topo desta p\u00e1gina indica quando foi atualizado pela \u00faltima vez.<\/p>\n<p>&nbsp;<\/p>\n<h4>12)\u00a0INFORMA\u00c7\u00d5ES ADICIONAIS<\/h4>\n<p>Se desejar obter informa\u00e7\u00e3o complementar sobre o uso de cookies ou outras tecnologias, envie um email para <a href=\"mailto:geral@novacobe.pt\" target=\"_blank\" rel=\"noopener\">geral@novacobe.pt<\/a>.<\/p>\n<p>&nbsp;<\/p>\n<h5><a href=\"https:\/\/eur-lex.europa.eu\/legal-content\/PT\/TXT\/PDF\/?uri=CELEX:32016R0679&amp;from=PT\" target=\"_blank\" rel=\"noopener\">Regulamento Geral sobre a Prote\u00e7\u00e3o de Dados (RGPD)<\/a>: Regulamento (UE) 2016\/679 do Parlamento Europeu e do Conselho, de 27 de abril de 2016, relativo \u00e0 prote\u00e7\u00e3o das pessoas singulares no que diz respeito ao tratamento de dados pessoais e \u00e0 livre circula\u00e7\u00e3o desses dados e que revoga a Diretiva 95\/46\/CE (Regulamento Geral sobre a Prote\u00e7\u00e3o de Dados) (JO L 119 de 4.5.2016).<\/h5>\n[\/vc_column_text][vc_empty_space][\/vc_column][\/vc_row]\n<\/div>","protected":false},"excerpt":{"rendered":"<p>[vc_row][vc_column][mk_divider style=&#8221;padding_space&#8221;][vc_column_text]Data de vig\u00eancia: 24 de maio, 2018 O website da NOVACOBE utiliza cookies para aperfei\u00e7oar o seu desempenho e a experi\u00eancia dos utilizadores. &nbsp; 1) O QUE S\u00c3O COOKIES? Os cookies s\u00e3o pequenos ficheiros colocados no browser dos utilizadores quando estes visitam o nosso website.\u00a0Os cookies recolhem apenas informa\u00e7\u00e3o an\u00f3nima, n\u00e3o permitindo aceder ao [&hellip;]<\/p>\n","protected":false},"author":2,"featured_media":0,"parent":0,"menu_order":6,"comment_status":"closed","ping_status":"closed","template":"","meta":{"_monsterinsights_skip_tracking":false,"_monsterinsights_sitenote_active":false,"_monsterinsights_sitenote_note":"","_monsterinsights_sitenote_category":0,"footnotes":""},"class_list":["post-7596","page","type-page","status-publish","hentry"],"yoast_head":"<!-- This site is optimized with the Yoast SEO plugin v27.2 - https:\/\/yoast.com\/product\/yoast-seo-wordpress\/ -->\n<title>Cookie Policy - NovaCobe<\/title>\n<meta name=\"robots\" content=\"index, follow, max-snippet:-1, max-image-preview:large, max-video-preview:-1\" \/>\n<link rel=\"canonical\" href=\"https:\/\/www.novacobe.pt\/en\/cookie-policy\/\" \/>\n<meta name=\"twitter:card\" content=\"summary_large_image\" \/>\n<meta name=\"twitter:title\" content=\"Cookie Policy - NovaCobe\" \/>\n<meta name=\"twitter:description\" content=\"[vc_row][vc_column][mk_divider style=&#8221;padding_space&#8221;][vc_column_text]Data de vig\u00eancia: 24 de maio, 2018 O website da NOVACOBE utiliza cookies para aperfei\u00e7oar o seu desempenho e a experi\u00eancia dos utilizadores. &nbsp; 1) O QUE S\u00c3O COOKIES? Os cookies s\u00e3o pequenos ficheiros colocados no browser dos utilizadores quando estes visitam o nosso website.\u00a0Os cookies recolhem apenas informa\u00e7\u00e3o an\u00f3nima, n\u00e3o permitindo aceder ao [&hellip;]\" \/>\n<meta name=\"twitter:label1\" content=\"Est. reading time\" \/>\n\t<meta name=\"twitter:data1\" content=\"9 minutes\" \/>\n<script type=\"application\/ld+json\" class=\"yoast-schema-graph\">{\"@context\":\"https:\/\/schema.org\",\"@graph\":[{\"@type\":\"WebPage\",\"@id\":\"https:\/\/www.novacobe.pt\/en\/cookie-policy\/\",\"url\":\"https:\/\/www.novacobe.pt\/en\/cookie-policy\/\",\"name\":\"Cookie Policy - NovaCobe\",\"isPartOf\":{\"@id\":\"https:\/\/www.novacobe.pt\/en\/#website\"},\"datePublished\":\"2018-05-31T18:38:26+00:00\",\"dateModified\":\"2018-05-31T18:39:28+00:00\",\"breadcrumb\":{\"@id\":\"https:\/\/www.novacobe.pt\/en\/cookie-policy\/#breadcrumb\"},\"inLanguage\":\"en-US\",\"potentialAction\":[{\"@type\":\"ReadAction\",\"target\":[\"https:\/\/www.novacobe.pt\/en\/cookie-policy\/\"]}]},{\"@type\":\"BreadcrumbList\",\"@id\":\"https:\/\/www.novacobe.pt\/en\/cookie-policy\/#breadcrumb\",\"itemListElement\":[{\"@type\":\"ListItem\",\"position\":1,\"name\":\"Home\",\"item\":\"https:\/\/www.novacobe.pt\/en\/\"},{\"@type\":\"ListItem\",\"position\":2,\"name\":\"Cookie Policy\"}]},{\"@type\":\"WebSite\",\"@id\":\"https:\/\/www.novacobe.pt\/en\/#website\",\"url\":\"https:\/\/www.novacobe.pt\/en\/\",\"name\":\"NovaCobe\",\"description\":\"Excellence in Home Renovations and Remodeling\",\"publisher\":{\"@id\":\"https:\/\/www.novacobe.pt\/en\/#organization\"},\"potentialAction\":[{\"@type\":\"SearchAction\",\"target\":{\"@type\":\"EntryPoint\",\"urlTemplate\":\"https:\/\/www.novacobe.pt\/en\/?s={search_term_string}\"},\"query-input\":{\"@type\":\"PropertyValueSpecification\",\"valueRequired\":true,\"valueName\":\"search_term_string\"}}],\"inLanguage\":\"en-US\"},{\"@type\":\"Organization\",\"@id\":\"https:\/\/www.novacobe.pt\/en\/#organization\",\"name\":\"NovaCobe\",\"url\":\"https:\/\/www.novacobe.pt\/en\/\",\"logo\":{\"@type\":\"ImageObject\",\"inLanguage\":\"en-US\",\"@id\":\"https:\/\/www.novacobe.pt\/en\/#\/schema\/logo\/image\/\",\"url\":\"https:\/\/www.novacobe.pt\/wp-content\/uploads\/2018\/07\/logo-novacobe1.png\",\"contentUrl\":\"https:\/\/www.novacobe.pt\/wp-content\/uploads\/2018\/07\/logo-novacobe1.png\",\"width\":440,\"height\":200,\"caption\":\"NovaCobe\"},\"image\":{\"@id\":\"https:\/\/www.novacobe.pt\/en\/#\/schema\/logo\/image\/\"},\"sameAs\":[\"https:\/\/www.facebook.com\/Novacobe\"]}]}<\/script>\n<!-- \/ Yoast SEO plugin. -->","yoast_head_json":{"title":"Cookie Policy - NovaCobe","robots":{"index":"index","follow":"follow","max-snippet":"max-snippet:-1","max-image-preview":"max-image-preview:large","max-video-preview":"max-video-preview:-1"},"canonical":"https:\/\/www.novacobe.pt\/en\/cookie-policy\/","twitter_card":"summary_large_image","twitter_title":"Cookie Policy - NovaCobe","twitter_description":"[vc_row][vc_column][mk_divider style=&#8221;padding_space&#8221;][vc_column_text]Data de vig\u00eancia: 24 de maio, 2018 O website da NOVACOBE utiliza cookies para aperfei\u00e7oar o seu desempenho e a experi\u00eancia dos utilizadores. &nbsp; 1) O QUE S\u00c3O COOKIES? Os cookies s\u00e3o pequenos ficheiros colocados no browser dos utilizadores quando estes visitam o nosso website.\u00a0Os cookies recolhem apenas informa\u00e7\u00e3o an\u00f3nima, n\u00e3o permitindo aceder ao [&hellip;]","twitter_misc":{"Est. reading time":"9 minutes"},"schema":{"@context":"https:\/\/schema.org","@graph":[{"@type":"WebPage","@id":"https:\/\/www.novacobe.pt\/en\/cookie-policy\/","url":"https:\/\/www.novacobe.pt\/en\/cookie-policy\/","name":"Cookie Policy - NovaCobe","isPartOf":{"@id":"https:\/\/www.novacobe.pt\/en\/#website"},"datePublished":"2018-05-31T18:38:26+00:00","dateModified":"2018-05-31T18:39:28+00:00","breadcrumb":{"@id":"https:\/\/www.novacobe.pt\/en\/cookie-policy\/#breadcrumb"},"inLanguage":"en-US","potentialAction":[{"@type":"ReadAction","target":["https:\/\/www.novacobe.pt\/en\/cookie-policy\/"]}]},{"@type":"BreadcrumbList","@id":"https:\/\/www.novacobe.pt\/en\/cookie-policy\/#breadcrumb","itemListElement":[{"@type":"ListItem","position":1,"name":"Home","item":"https:\/\/www.novacobe.pt\/en\/"},{"@type":"ListItem","position":2,"name":"Cookie Policy"}]},{"@type":"WebSite","@id":"https:\/\/www.novacobe.pt\/en\/#website","url":"https:\/\/www.novacobe.pt\/en\/","name":"NovaCobe","description":"Excellence in Home Renovations and Remodeling","publisher":{"@id":"https:\/\/www.novacobe.pt\/en\/#organization"},"potentialAction":[{"@type":"SearchAction","target":{"@type":"EntryPoint","urlTemplate":"https:\/\/www.novacobe.pt\/en\/?s={search_term_string}"},"query-input":{"@type":"PropertyValueSpecification","valueRequired":true,"valueName":"search_term_string"}}],"inLanguage":"en-US"},{"@type":"Organization","@id":"https:\/\/www.novacobe.pt\/en\/#organization","name":"NovaCobe","url":"https:\/\/www.novacobe.pt\/en\/","logo":{"@type":"ImageObject","inLanguage":"en-US","@id":"https:\/\/www.novacobe.pt\/en\/#\/schema\/logo\/image\/","url":"https:\/\/www.novacobe.pt\/wp-content\/uploads\/2018\/07\/logo-novacobe1.png","contentUrl":"https:\/\/www.novacobe.pt\/wp-content\/uploads\/2018\/07\/logo-novacobe1.png","width":440,"height":200,"caption":"NovaCobe"},"image":{"@id":"https:\/\/www.novacobe.pt\/en\/#\/schema\/logo\/image\/"},"sameAs":["https:\/\/www.facebook.com\/Novacobe"]}]}},"_links":{"self":[{"href":"https:\/\/www.novacobe.pt\/en\/wp-json\/wp\/v2\/pages\/7596","targetHints":{"allow":["GET"]}}],"collection":[{"href":"https:\/\/www.novacobe.pt\/en\/wp-json\/wp\/v2\/pages"}],"about":[{"href":"https:\/\/www.novacobe.pt\/en\/wp-json\/wp\/v2\/types\/page"}],"author":[{"embeddable":true,"href":"https:\/\/www.novacobe.pt\/en\/wp-json\/wp\/v2\/users\/2"}],"replies":[{"embeddable":true,"href":"https:\/\/www.novacobe.pt\/en\/wp-json\/wp\/v2\/comments?post=7596"}],"version-history":[{"count":2,"href":"https:\/\/www.novacobe.pt\/en\/wp-json\/wp\/v2\/pages\/7596\/revisions"}],"predecessor-version":[{"id":7598,"href":"https:\/\/www.novacobe.pt\/en\/wp-json\/wp\/v2\/pages\/7596\/revisions\/7598"}],"wp:attachment":[{"href":"https:\/\/www.novacobe.pt\/en\/wp-json\/wp\/v2\/media?parent=7596"}],"curies":[{"name":"wp","href":"https:\/\/api.w.org\/{rel}","templated":true}]}}